{"id":14,"date":"2020-10-14T17:18:44","date_gmt":"2020-10-14T17:18:44","guid":{"rendered":"http:\/\/acelsa.mx\/?page_id=14"},"modified":"2020-10-14T17:44:23","modified_gmt":"2020-10-14T17:44:23","slug":"home","status":"publish","type":"page","link":"https:\/\/acelsa.mx\/","title":{"rendered":"Inicio"},"content":{"rendered":"\n<p>Bienvenidos:<\/p>\n\n\n\n<p>Acel S.A. de C.V.  proporciona a tu empresa el mejor servicio en todo lo relacionado con la fuerza el\u00e9ctrica de tu empresa, proporcionamos soluciones para tus requerimientos de sistemas ininterrumpidos de energ\u00eda (UPS) as\u00ed como soporte y mantenimiento.<\/p>\n\n\n\n<p>\u00bfNecesitas una cotizaci\u00f3n? <a href=\"ventas@acelsa.mx\">cont\u00e1ctanos.<\/a><\/p>\n","protected":false},"excerpt":{"rendered":"<p>Bienvenidos: Acel S.A. de C.V. proporciona a tu empresa el mejor servicio en todo lo relacionado con la fuerza el\u00e9ctrica de tu empresa, proporcionamos soluciones para tus requerimientos de sistemas ininterrumpidos de energ\u00eda (UPS) as\u00ed como soporte y mantenimiento. \u00bfNecesitas una cotizaci\u00f3n? cont\u00e1ctanos.<\/p>\n","protected":false},"author":1,"featured_media":0,"parent":0,"menu_order":0,"comment_status":"closed","ping_status":"closed","template":"","meta":[],"_links":{"self":[{"href":"https:\/\/acelsa.mx\/index.php\/wp-json\/wp\/v2\/pages\/14"}],"collection":[{"href":"https:\/\/acelsa.mx\/index.php\/wp-json\/wp\/v2\/pages"}],"about":[{"href":"https:\/\/acelsa.mx\/index.php\/wp-json\/wp\/v2\/types\/page"}],"author":[{"embeddable":true,"href":"https:\/\/acelsa.mx\/index.php\/wp-json\/wp\/v2\/users\/1"}],"replies":[{"embeddable":true,"href":"https:\/\/acelsa.mx\/index.php\/wp-json\/wp\/v2\/comments?post=14"}],"version-history":[{"count":2,"href":"https:\/\/acelsa.mx\/index.php\/wp-json\/wp\/v2\/pages\/14\/revisions"}],"predecessor-version":[{"id":45,"href":"https:\/\/acelsa.mx\/index.php\/wp-json\/wp\/v2\/pages\/14\/revisions\/45"}],"wp:attachment":[{"href":"https:\/\/acelsa.mx\/index.php\/wp-json\/wp\/v2\/media?parent=14"}],"curies":[{"name":"wp","href":"https:\/\/api.w.org\/{rel}","templated":true}]}}